{"id":69,"date":"2025-08-12T13:59:49","date_gmt":"2025-08-12T13:59:49","guid":{"rendered":"https:\/\/icelandconsulateghana.com\/?page_id=69"},"modified":"2025-09-26T07:08:51","modified_gmt":"2025-09-26T07:08:51","slug":"newsevent","status":"publish","type":"page","link":"https:\/\/icelandconsulateghana.com\/is\/newsevent\/","title":{"rendered":"News and Events"},"content":{"rendered":"\t\t<div data-elementor-type=\"wp-post\" data-elementor-id=\"69\" class=\"elementor elementor-69\" data-elementor-post-type=\"page\">\n\t\t\t\t<div class=\"elementor-element elementor-element-g0QFNMN e-flex e-con-boxed e-con e-parent\" data-id=\"g0QFNMN\" data-element_type=\"container\" data-e-type=\"container\">\n\t\t\t\t\t<div class=\"e-con-inner\">\n\t\t<div class=\"elementor-element elementor-element-WkQKn93 e-con-full e-flex e-con e-child\" data-id=\"WkQKn93\" data-element_type=\"container\" data-e-type=\"container\">\n\t\t\t\t<div class=\"elementor-element elementor-element-RgmNDTV elementor-widget elementor-widget-heading\" data-id=\"RgmNDTV\" data-element_type=\"widget\" data-e-type=\"widget\" data-widget_type=\"heading.default\">\n\t\t\t\t\t<h5 class=\"elementor-heading-title elementor-size-default\">Stay in the Loop<\/h5>\t\t\t\t<\/div>\n\t\t\t\t<div class=\"elementor-element elementor-element-DlDhyRo elementor-widget elementor-widget-heading\" data-id=\"DlDhyRo\" data-element_type=\"widget\" data-e-type=\"widget\" data-widget_type=\"heading.default\">\n\t\t\t\t\t<h3 class=\"elementor-heading-title elementor-size-default\">Upcoming Events &amp; Announcements<\/h3>\t\t\t\t<\/div>\n\t\t\t\t<\/div>\n\t\t<div class=\"elementor-element elementor-element-aLuFRQB e-con-full e-flex e-con e-child\" data-id=\"aLuFRQB\" data-element_type=\"container\" data-e-type=\"container\">\n\t\t\t\t<div class=\"elementor-element elementor-element-lAUu3Ma elementor-widget elementor-widget-text-editor\" data-id=\"lAUu3Ma\" data-element_type=\"widget\" data-e-type=\"widget\" data-widget_type=\"text-editor.default\">\n\t\t\t\t\t\t\t\t\t<p>Explore the latest events and announcements from the Icelandic Consulate in Ghana. Don\u2019t miss a chance to partake in our cultural gatherings and stay informed about important news.<\/p>\t\t\t\t\t\t\t\t<\/div>\n\t\t<div class=\"elementor-element elementor-element-9m7hvyf e-con-full e-flex e-con e-child\" data-id=\"9m7hvyf\" data-element_type=\"container\" data-e-type=\"container\">\n\t\t\t\t<div class=\"elementor-element elementor-element-G6CYxFw elementor-widget__width-auto elementor-widget elementor-widget-button\" data-id=\"G6CYxFw\" data-element_type=\"widget\" data-e-type=\"widget\" data-widget_type=\"button.default\">\n\t\t\t\t\t\t\t\t\t\t<a class=\"elementor-button elementor-button-link elementor-size-sm\" href=\"#\">\n\t\t\t\t\t\t<span class=\"elementor-button-content-wrapper\">\n\t\t\t\t\t\t\t\t\t<span class=\"elementor-button-text\">Learn More<\/span>\n\t\t\t\t\t<\/span>\n\t\t\t\t\t<\/a>\n\t\t\t\t\t\t\t\t<\/div>\n\t\t\t\t<div class=\"elementor-element elementor-element-1JroMp0 elementor-widget__width-auto elementor-widget elementor-widget-button\" data-id=\"1JroMp0\" data-element_type=\"widget\" data-e-type=\"widget\" data-widget_type=\"button.default\">\n\t\t\t\t\t\t\t\t\t\t<a class=\"elementor-button elementor-button-link elementor-size-sm\" href=\"#\">\n\t\t\t\t\t\t<span class=\"elementor-button-content-wrapper\">\n\t\t\t\t\t\t\t\t\t<span class=\"elementor-button-text\">Sign Up<\/span>\n\t\t\t\t\t<\/span>\n\t\t\t\t\t<\/a>\n\t\t\t\t\t\t\t\t<\/div>\n\t\t\t\t<\/div>\n\t\t\t\t<\/div>\n\t\t\t\t\t<\/div>\n\t\t\t\t<\/div>\n\t\t<div class=\"elementor-element elementor-element-0b2b34c e-con-full e-flex e-con e-parent\" data-id=\"0b2b34c\" data-element_type=\"container\" data-e-type=\"container\">\n\t\t\t\t<div class=\"elementor-element elementor-element-e5bff67 elementor-widget__width-initial elementor-widget-mobile__width-initial elementor-cta--skin-classic elementor-animated-content elementor-bg-transform elementor-bg-transform-zoom-in elementor-widget elementor-widget-call-to-action\" data-id=\"e5bff67\" data-element_type=\"widget\" data-e-type=\"widget\" data-widget_type=\"call-to-action.default\">\n\t\t\t\t\t\t\t<div class=\"elementor-cta\">\n\t\t\t\t\t<div class=\"elementor-cta__bg-wrapper\">\n\t\t\t\t<div class=\"elementor-cta__bg elementor-bg\" style=\"background-image: url(https:\/\/icelandconsulateghana.com\/wp-content\/uploads\/2025\/08\/htrjhtyjrju.jpg);\" role=\"img\" aria-label=\"htrjhtyjrju\"><\/div>\n\t\t\t\t<div class=\"elementor-cta__bg-overlay\"><\/div>\n\t\t\t<\/div>\n\t\t\t\t\t\t\t<div class=\"elementor-cta__content\">\n\t\t\t\t\n\t\t\t\t\t\t\t\t\t<h2 class=\"elementor-cta__title elementor-cta__content-item elementor-content-item\">\n\t\t\t\t\t\tGerman Chief of Defence visits Iceland<br>\t\t\t\t\t<\/h2>\n\t\t\t\t\n\t\t\t\t\t\t\t\t\t<div class=\"elementor-cta__description elementor-cta__content-item elementor-content-item\">\n\t\t\t\t\t\tCarsten Breuer, the General and Chief of Defence of Germany, visited Iceland this week and held meetings...<br><br>\t\t\t\t\t<\/div>\n\t\t\t\t\n\t\t\t\t\t\t\t\t\t<div class=\"elementor-cta__button-wrapper elementor-cta__content-item elementor-content-item \">\n\t\t\t\t\t<a class=\"elementor-cta__button elementor-button elementor-size-\" href=\"https:\/\/www.government.is\/news\/article\/2025\/08\/28\/German-Chief-of-Defence-visits-Iceland\/\">\n\t\t\t\t\t\tClick Here\t\t\t\t\t<\/a>\n\t\t\t\t\t<\/div>\n\t\t\t\t\t\t\t<\/div>\n\t\t\t\t\t\t<\/div>\n\t\t\t\t\t\t<\/div>\n\t\t\t\t<div class=\"elementor-element elementor-element-721cabf elementor-widget__width-initial elementor-widget-mobile__width-initial elementor-cta--skin-classic elementor-animated-content elementor-bg-transform elementor-bg-transform-zoom-in elementor-widget elementor-widget-call-to-action\" data-id=\"721cabf\" data-element_type=\"widget\" data-e-type=\"widget\" data-widget_type=\"call-to-action.default\">\n\t\t\t\t\t\t\t<div class=\"elementor-cta\">\n\t\t\t\t\t<div class=\"elementor-cta__bg-wrapper\">\n\t\t\t\t<div class=\"elementor-cta__bg elementor-bg\" style=\"background-image: url(https:\/\/icelandconsulateghana.com\/wp-content\/uploads\/2025\/08\/Umhverfisthing-mynd-skorin-1024x720.png);\" role=\"img\" aria-label=\"Umhverfis\u00feing mynd skorin\"><\/div>\n\t\t\t\t<div class=\"elementor-cta__bg-overlay\"><\/div>\n\t\t\t<\/div>\n\t\t\t\t\t\t\t<div class=\"elementor-cta__content\">\n\t\t\t\t\n\t\t\t\t\t\t\t\t\t<h2 class=\"elementor-cta__title elementor-cta__content-item elementor-content-item\">\n\t\t\t\t\t\tRegistration open for Iceland\u2019s XIV. Environment Assembly\t\t\t\t\t<\/h2>\n\t\t\t\t\n\t\t\t\t\t\t\t\t\t<div class=\"elementor-cta__description elementor-cta__content-item elementor-content-item\">\n\t\t\t\t\t\tJ\u00f3hann P\u00e1ll J\u00f3hannsson, Minister of the Environment, Energy and Climate, will host Iceland\u2019s XIV...\t\t\t\t\t<\/div>\n\t\t\t\t\n\t\t\t\t\t\t\t\t\t<div class=\"elementor-cta__button-wrapper elementor-cta__content-item elementor-content-item \">\n\t\t\t\t\t<a class=\"elementor-cta__button elementor-button elementor-size-\">\n\t\t\t\t\t\tClick Here\t\t\t\t\t<\/a>\n\t\t\t\t\t<\/div>\n\t\t\t\t\t\t\t<\/div>\n\t\t\t\t\t\t<\/div>\n\t\t\t\t\t\t<\/div>\n\t\t\t\t<div class=\"elementor-element elementor-element-b51b704 elementor-widget elementor-widget-template\" data-id=\"b51b704\" data-element_type=\"widget\" data-e-type=\"widget\" data-widget_type=\"template.default\">\n\t\t\t\t<div class=\"elementor-widget-container\">\n\t\t\t\t\t\t\t<div class=\"elementor-template\">\n\t\t\t\t\t<div data-elementor-type=\"page\" data-elementor-id=\"321\" class=\"elementor elementor-321\" data-elementor-post-type=\"elementor_library\">\n\t\t\t\t\t\t<section class=\"elementor-section elementor-top-section elementor-element elementor-element-32058c2e elementor-section-boxed elementor-section-height-default elementor-section-height-default\" data-id=\"32058c2e\" data-element_type=\"section\" data-e-type=\"section\" data-settings=\"{&quot;background_background&quot;:&quot;classic&quot;}\">\n\t\t\t\t\t\t\t<div class=\"elementor-background-overlay\"><\/div>\n\t\t\t\t\t\t\t<div class=\"elementor-container elementor-column-gap-wide\">\n\t\t\t\t\t<div class=\"elementor-column elementor-col-100 elementor-top-column elementor-element elementor-element-66adfaa3\" data-id=\"66adfaa3\" data-element_type=\"column\" data-e-type=\"column\">\n\t\t\t<div class=\"elementor-widget-wrap elementor-element-populated\">\n\t\t\t\t\t\t<div class=\"elementor-element elementor-element-6931e554 elementor-widget elementor-widget-shortcode\" data-id=\"6931e554\" data-element_type=\"widget\" data-e-type=\"widget\" data-widget_type=\"shortcode.default\">\n\t\t\t\t\t\t\t<div class=\"elementor-shortcode\">  <div class=\"ne-card\">\n    <h4 class=\"ne-card__title\">Filter<\/h4>\n    <form method=\"get\" class=\"ne-filter\">\n      <label for=\"ne-s\"><strong>Keyword(s):<\/strong><\/label>\n      <input id=\"ne-s\" type=\"text\" name=\"s\" value=\"\" placeholder=\"Search\u2026\">\n\n      <p><strong>Content Type:<\/strong><\/p>\n      <div class=\"ne-checks\">\n                  <label class=\"ne-check\">\n            <input type=\"checkbox\" name=\"types[]\" value=\"events\" >\n            <span>Events<\/span>\n          <\/label>\n                  <label class=\"ne-check\">\n            <input type=\"checkbox\" name=\"types[]\" value=\"news\" >\n            <span>News<\/span>\n          <\/label>\n                  <label class=\"ne-check\">\n            <input type=\"checkbox\" name=\"types[]\" value=\"press-releases\" >\n            <span>Press Releases<\/span>\n          <\/label>\n                  <label class=\"ne-check\">\n            <input type=\"checkbox\" name=\"types[]\" value=\"speeches\" >\n            <span>Speeches<\/span>\n          <\/label>\n                  <label class=\"ne-check\">\n            <input type=\"checkbox\" name=\"types[]\" value=\"video\" >\n            <span>Video<\/span>\n          <\/label>\n              <\/div>\n\n      <label for=\"ne-ym\"><strong>Month\/Year<\/strong><\/label>\n      <select id=\"ne-ym\" name=\"ym\">\n        <option value=\"\">All dates<\/option>\n                  <option value=\"2025-12\" >desember 2025<\/option>\n                  <option value=\"2025-11\" >n\u00f3vember 2025<\/option>\n                  <option value=\"2025-10\" >okt\u00f3ber 2025<\/option>\n                  <option value=\"2025-09\" >september 2025<\/option>\n                  <option value=\"2025-08\" >\u00e1g\u00fast 2025<\/option>\n              <\/select>\n\n      <button type=\"submit\" class=\"ne-btn\">Apply Filter<\/button>\n    <\/form>\n  <\/div>\n  <\/div>\n\t\t\t\t\t\t<\/div>\n\t\t\t\t\t<\/div>\n\t\t<\/div>\n\t\t\t\t\t<\/div>\n\t\t<\/section>\n\t\t\t\t<\/div>\n\t\t\t\t<\/div>\n\t\t\t\t\t\t<\/div>\n\t\t\t\t<\/div>\n\t\t\t\t<\/div>\n\t\t<div class=\"elementor-element elementor-element-a97f271 e-flex e-con-boxed e-con e-parent\" data-id=\"a97f271\" data-element_type=\"container\" data-e-type=\"container\">\n\t\t\t\t\t<div class=\"e-con-inner\">\n\t\t\t\t<div class=\"elementor-element elementor-element-c992d3c elementor-widget elementor-widget-spacer\" data-id=\"c992d3c\" data-element_type=\"widget\" data-e-type=\"widget\" data-widget_type=\"spacer.default\">\n\t\t\t\t\t\t\t<div class=\"elementor-spacer\">\n\t\t\t<div class=\"elementor-spacer-inner\"><\/div>\n\t\t<\/div>\n\t\t\t\t\t\t<\/div>\n\t\t\t\t\t<\/div>\n\t\t\t\t<\/div>\n\t\t\t\t<\/div>\n\t\t","protected":false},"excerpt":{"rendered":"<p>Stay in the Loop Upcoming Events &amp; Announcements Explore the latest events and announcements from the Icelandic Consulate in Ghana. Don\u2019t miss a chance to partake in our cultural gatherings and stay informed about important news. Learn More Sign Up German Chief of Defence visits Iceland Carsten Breuer, the General and Chief of Defence of [&hellip;]<\/p>\n","protected":false},"author":1,"featured_media":0,"parent":0,"menu_order":0,"comment_status":"closed","ping_status":"closed","template":"elementor_header_footer","meta":{"_coblocks_attr":"","_coblocks_dimensions":"","_coblocks_responsive_height":"","_coblocks_accordion_ie_support":"","footnotes":""},"class_list":["post-69","page","type-page","status-publish","hentry"],"yoast_head":"<!-- This site is optimized with the Yoast SEO plugin v27.5 - https:\/\/yoast.com\/product\/yoast-seo-wordpress\/ -->\n<title>News and Events<\/title>\n<meta name=\"description\" content=\"Stay in the Loop Upcoming Events &amp; Announcements Explore the latest events and announcements from the Icelandic Consulate in Ghana. Don\u2019t miss a chance to partake in our cultural gatherings and stay informed about important news. Learn More Sign Up German Chief of Defence visits Iceland Carsten Breuer, the General and Chief of Defence of&hellip;\" \/>\n<meta name=\"robots\" content=\"index, follow, max-snippet:-1, max-image-preview:large, max-video-preview:-1\" \/>\n<link rel=\"canonical\" href=\"http:\/\/Stay%20in%20the%20Loop%20Upcoming%20Events%20&amp;%20Announcements%20Explore%20the%20latest%20events%20and%20announcements%20from%20the%20Icelandic%20Consulate%20in%20Ghana.%20Don\u2019t%20miss%20a%20chance%20to%20partake%20in%20our%20cultural%20gatherings%20and%20stay%20informed%20about%20important%20news.%20Learn%20More%20Sign%20Up%20German%20Chief%20of%20Defence%20visits%20Iceland%20Carsten%20Breuer,%20the%20General%20and%20Chief%20of%20Defence%20of&hellip;\" \/>\n<meta property=\"og:locale\" content=\"is_IS\" \/>\n<meta property=\"og:type\" content=\"article\" \/>\n<meta property=\"og:title\" content=\"News and Events\" \/>\n<meta property=\"og:description\" content=\"Stay in the Loop Upcoming Events &amp; Announcements Explore the latest events and announcements from the Icelandic Consulate in Ghana. Don\u2019t miss a chance to partake in our cultural gatherings and stay informed about important news. Learn More Sign Up German Chief of Defence visits Iceland Carsten Breuer, the General and Chief of Defence of&hellip;\" \/>\n<meta property=\"og:url\" content=\"https:\/\/icelandconsulateghana.com\/is\/newsevent\/\" \/>\n<meta property=\"og:site_name\" content=\"Iceland Consulate in Ghana\" \/>\n<meta property=\"article:modified_time\" content=\"2025-09-26T07:08:51+00:00\" \/>\n<meta name=\"twitter:card\" content=\"summary_large_image\" \/>\n<script type=\"application\/ld+json\" class=\"yoast-schema-graph\">{\"@context\":\"https:\\\/\\\/schema.org\",\"@graph\":[{\"@type\":\"WebPage\",\"@id\":\"https:\\\/\\\/icelandconsulateghana.com\\\/is\\\/newsevent\\\/\",\"url\":\"https:\\\/\\\/icelandconsulateghana.com\\\/is\\\/newsevent\\\/\",\"name\":\"News and Events - Iceland Consulate in Ghana\",\"isPartOf\":{\"@id\":\"https:\\\/\\\/icelandconsulateghana.com\\\/#website\"},\"datePublished\":\"2025-08-12T13:59:49+00:00\",\"dateModified\":\"2025-09-26T07:08:51+00:00\",\"breadcrumb\":{\"@id\":\"https:\\\/\\\/icelandconsulateghana.com\\\/is\\\/newsevent\\\/#breadcrumb\"},\"inLanguage\":\"is\",\"potentialAction\":[{\"@type\":\"ReadAction\",\"target\":[\"https:\\\/\\\/icelandconsulateghana.com\\\/is\\\/newsevent\\\/\"]}]},{\"@type\":\"BreadcrumbList\",\"@id\":\"https:\\\/\\\/icelandconsulateghana.com\\\/is\\\/newsevent\\\/#breadcrumb\",\"itemListElement\":[{\"@type\":\"ListItem\",\"position\":1,\"name\":\"Home\",\"item\":\"https:\\\/\\\/icelandconsulateghana.com\\\/\"},{\"@type\":\"ListItem\",\"position\":2,\"name\":\"News and Events\"}]},{\"@type\":\"WebSite\",\"@id\":\"https:\\\/\\\/icelandconsulateghana.com\\\/is\\\/#website\",\"url\":\"https:\\\/\\\/icelandconsulateghana.com\\\/is\\\/\",\"name\":\"Iceland Consulate in Ghana\",\"description\":\"\",\"publisher\":{\"@id\":\"https:\\\/\\\/icelandconsulateghana.com\\\/is\\\/#organization\"},\"potentialAction\":[{\"@type\":\"SearchAction\",\"target\":{\"@type\":\"EntryPoint\",\"urlTemplate\":\"https:\\\/\\\/icelandconsulateghana.com\\\/is\\\/?s={search_term_string}\"},\"query-input\":{\"@type\":\"PropertyValueSpecification\",\"valueRequired\":true,\"valueName\":\"search_term_string\"}}],\"inLanguage\":\"is\"},{\"@type\":\"Organization\",\"@id\":\"https:\\\/\\\/icelandconsulateghana.com\\\/is\\\/#organization\",\"name\":\"Iceland Consulate in Ghana\",\"url\":\"https:\\\/\\\/icelandconsulateghana.com\\\/is\\\/\",\"logo\":{\"@type\":\"ImageObject\",\"inLanguage\":\"is\",\"@id\":\"https:\\\/\\\/icelandconsulateghana.com\\\/is\\\/#\\\/schema\\\/logo\\\/image\\\/\",\"url\":\"https:\\\/\\\/icelandconsulateghana.com\\\/wp-content\\\/uploads\\\/2025\\\/08\\\/1200px-Coat_of_arms_of_Iceland.svg_.webp\",\"contentUrl\":\"https:\\\/\\\/icelandconsulateghana.com\\\/wp-content\\\/uploads\\\/2025\\\/08\\\/1200px-Coat_of_arms_of_Iceland.svg_.webp\",\"width\":1200,\"height\":1269,\"caption\":\"Iceland Consulate in Ghana\"},\"image\":{\"@id\":\"https:\\\/\\\/icelandconsulateghana.com\\\/is\\\/#\\\/schema\\\/logo\\\/image\\\/\"}}]}<\/script>\n<!-- \/ Yoast SEO plugin. -->","yoast_head_json":{"title":"News and Events","description":"Stay in the Loop Upcoming Events &amp; Announcements Explore the latest events and announcements from the Icelandic Consulate in Ghana. Don\u2019t miss a chance to partake in our cultural gatherings and stay informed about important news. Learn More Sign Up German Chief of Defence visits Iceland Carsten Breuer, the General and Chief of Defence of&hellip;","robots":{"index":"index","follow":"follow","max-snippet":"max-snippet:-1","max-image-preview":"max-image-preview:large","max-video-preview":"max-video-preview:-1"},"canonical":"Stay in the Loop Upcoming Events &amp; Announcements Explore the latest events and announcements from the Icelandic Consulate in Ghana. Don\u2019t miss a chance to partake in our cultural gatherings and stay informed about important news. Learn More Sign Up German Chief of Defence visits Iceland Carsten Breuer, the General and Chief of Defence of&hellip;","og_locale":"is_IS","og_type":"article","og_title":"News and Events","og_description":"Stay in the Loop Upcoming Events &amp; Announcements Explore the latest events and announcements from the Icelandic Consulate in Ghana. Don\u2019t miss a chance to partake in our cultural gatherings and stay informed about important news. Learn More Sign Up German Chief of Defence visits Iceland Carsten Breuer, the General and Chief of Defence of&hellip;","og_url":"https:\/\/icelandconsulateghana.com\/is\/newsevent\/","og_site_name":"Iceland Consulate in Ghana","article_modified_time":"2025-09-26T07:08:51+00:00","twitter_card":"summary_large_image","schema":{"@context":"https:\/\/schema.org","@graph":[{"@type":"WebPage","@id":"https:\/\/icelandconsulateghana.com\/is\/newsevent\/","url":"https:\/\/icelandconsulateghana.com\/is\/newsevent\/","name":"News and Events - Iceland Consulate in Ghana","isPartOf":{"@id":"https:\/\/icelandconsulateghana.com\/#website"},"datePublished":"2025-08-12T13:59:49+00:00","dateModified":"2025-09-26T07:08:51+00:00","breadcrumb":{"@id":"https:\/\/icelandconsulateghana.com\/is\/newsevent\/#breadcrumb"},"inLanguage":"is","potentialAction":[{"@type":"ReadAction","target":["https:\/\/icelandconsulateghana.com\/is\/newsevent\/"]}]},{"@type":"BreadcrumbList","@id":"https:\/\/icelandconsulateghana.com\/is\/newsevent\/#breadcrumb","itemListElement":[{"@type":"ListItem","position":1,"name":"Home","item":"https:\/\/icelandconsulateghana.com\/"},{"@type":"ListItem","position":2,"name":"News and Events"}]},{"@type":"WebSite","@id":"https:\/\/icelandconsulateghana.com\/is\/#website","url":"https:\/\/icelandconsulateghana.com\/is\/","name":"Iceland Consulate in Ghana","description":"","publisher":{"@id":"https:\/\/icelandconsulateghana.com\/is\/#organization"},"potentialAction":[{"@type":"SearchAction","target":{"@type":"EntryPoint","urlTemplate":"https:\/\/icelandconsulateghana.com\/is\/?s={search_term_string}"},"query-input":{"@type":"PropertyValueSpecification","valueRequired":true,"valueName":"search_term_string"}}],"inLanguage":"is"},{"@type":"Organization","@id":"https:\/\/icelandconsulateghana.com\/is\/#organization","name":"Iceland Consulate in Ghana","url":"https:\/\/icelandconsulateghana.com\/is\/","logo":{"@type":"ImageObject","inLanguage":"is","@id":"https:\/\/icelandconsulateghana.com\/is\/#\/schema\/logo\/image\/","url":"https:\/\/icelandconsulateghana.com\/wp-content\/uploads\/2025\/08\/1200px-Coat_of_arms_of_Iceland.svg_.webp","contentUrl":"https:\/\/icelandconsulateghana.com\/wp-content\/uploads\/2025\/08\/1200px-Coat_of_arms_of_Iceland.svg_.webp","width":1200,"height":1269,"caption":"Iceland Consulate in Ghana"},"image":{"@id":"https:\/\/icelandconsulateghana.com\/is\/#\/schema\/logo\/image\/"}}]}},"_links":{"self":[{"href":"https:\/\/icelandconsulateghana.com\/is\/wp-json\/wp\/v2\/pages\/69","targetHints":{"allow":["GET"]}}],"collection":[{"href":"https:\/\/icelandconsulateghana.com\/is\/wp-json\/wp\/v2\/pages"}],"about":[{"href":"https:\/\/icelandconsulateghana.com\/is\/wp-json\/wp\/v2\/types\/page"}],"author":[{"embeddable":true,"href":"https:\/\/icelandconsulateghana.com\/is\/wp-json\/wp\/v2\/users\/1"}],"replies":[{"embeddable":true,"href":"https:\/\/icelandconsulateghana.com\/is\/wp-json\/wp\/v2\/comments?post=69"}],"version-history":[{"count":83,"href":"https:\/\/icelandconsulateghana.com\/is\/wp-json\/wp\/v2\/pages\/69\/revisions"}],"predecessor-version":[{"id":1163,"href":"https:\/\/icelandconsulateghana.com\/is\/wp-json\/wp\/v2\/pages\/69\/revisions\/1163"}],"wp:attachment":[{"href":"https:\/\/icelandconsulateghana.com\/is\/wp-json\/wp\/v2\/media?parent=69"}],"curies":[{"name":"wp","href":"https:\/\/api.w.org\/{rel}","templated":true}]}}