{"id":455,"date":"2025-08-31T04:57:01","date_gmt":"2025-08-31T04:57:01","guid":{"rendered":"https:\/\/icelandconsulateghana.com\/?page_id=455"},"modified":"2025-09-06T10:25:39","modified_gmt":"2025-09-06T10:25:39","slug":"education_culture","status":"publish","type":"page","link":"https:\/\/icelandconsulateghana.com\/is\/education_culture\/","title":{"rendered":"Visiting_Island"},"content":{"rendered":"\t\t<div data-elementor-type=\"wp-page\" data-elementor-id=\"455\" class=\"elementor elementor-455\" data-elementor-post-type=\"page\">\n\t\t\t\t<div class=\"elementor-element elementor-element-c197db8 e-flex e-con-boxed e-con e-parent\" data-id=\"c197db8\" data-element_type=\"container\" data-e-type=\"container\">\n\t\t\t\t\t<div class=\"e-con-inner\">\n\t\t\t\t<div class=\"elementor-element elementor-element-b994471 elementor-widget elementor-widget-spacer\" data-id=\"b994471\" data-element_type=\"widget\" data-e-type=\"widget\" data-widget_type=\"spacer.default\">\n\t\t\t\t\t\t\t<div class=\"elementor-spacer\">\n\t\t\t<div class=\"elementor-spacer-inner\"><\/div>\n\t\t<\/div>\n\t\t\t\t\t\t<\/div>\n\t\t\t\t\t<\/div>\n\t\t\t\t<\/div>\n\t\t<div class=\"elementor-element elementor-element-b1fa6d4 e-flex e-con-boxed e-con e-parent\" data-id=\"b1fa6d4\" data-element_type=\"container\" data-e-type=\"container\">\n\t\t\t\t\t<div class=\"e-con-inner\">\n\t\t<div class=\"elementor-element elementor-element-671314b e-con-full e-flex e-con e-child\" data-id=\"671314b\" data-element_type=\"container\" data-e-type=\"container\">\n\t\t\t\t<div class=\"elementor-element elementor-element-659cc54 elementor-widget elementor-widget-image\" data-id=\"659cc54\" data-element_type=\"widget\" data-e-type=\"widget\" data-widget_type=\"image.default\">\n\t\t\t\t\t\t\t\t\t\t\t\t\t\t\t<img fetchpriority=\"high\" decoding=\"async\" width=\"800\" height=\"534\" src=\"https:\/\/icelandconsulateghana.com\/wp-content\/uploads\/2025\/08\/header-seydisfjordur-iceland-SMTOWNICE1121-c3f6cb2991a34f339c34ac771b67c409-1024x683.jpg\" class=\"attachment-large size-large wp-image-475\" alt=\"\" srcset=\"https:\/\/icelandconsulateghana.com\/wp-content\/uploads\/2025\/08\/header-seydisfjordur-iceland-SMTOWNICE1121-c3f6cb2991a34f339c34ac771b67c409-1024x683.jpg 1024w, https:\/\/icelandconsulateghana.com\/wp-content\/uploads\/2025\/08\/header-seydisfjordur-iceland-SMTOWNICE1121-c3f6cb2991a34f339c34ac771b67c409-300x200.jpg 300w, https:\/\/icelandconsulateghana.com\/wp-content\/uploads\/2025\/08\/header-seydisfjordur-iceland-SMTOWNICE1121-c3f6cb2991a34f339c34ac771b67c409-768x512.jpg 768w, https:\/\/icelandconsulateghana.com\/wp-content\/uploads\/2025\/08\/header-seydisfjordur-iceland-SMTOWNICE1121-c3f6cb2991a34f339c34ac771b67c409.jpg 1500w\" sizes=\"(max-width: 800px) 100vw, 800px\" \/>\t\t\t\t\t\t\t\t\t\t\t\t\t\t\t<\/div>\n\t\t\t\t<div class=\"elementor-element elementor-element-887df96 elementor-widget elementor-widget-text-editor\" data-id=\"887df96\" data-element_type=\"widget\" data-e-type=\"widget\" data-widget_type=\"text-editor.default\">\n\t\t\t\t\t\t\t\t\t<p>Immerse yourself in stunning landscapes, vibrant business opportunities, and unforgettable holiday experiences. From the Northern Lights to innovative industries, Iceland invites you to explore, invest, and indulge in a land of endless possibilities.<\/p>\t\t\t\t\t\t\t\t<\/div>\n\t\t<div class=\"elementor-element elementor-element-13cb690 e-con-full e-flex e-con e-child\" data-id=\"13cb690\" data-element_type=\"container\" data-e-type=\"container\">\n\t\t\t\t<div class=\"elementor-element elementor-element-ee95fb4 elementor-widget__width-initial elementor-widget-mobile__width-initial elementor-cta--skin-classic elementor-animated-content elementor-bg-transform elementor-bg-transform-zoom-in elementor-widget elementor-widget-call-to-action\" data-id=\"ee95fb4\" data-element_type=\"widget\" data-e-type=\"widget\" data-widget_type=\"call-to-action.default\">\n\t\t\t\t\t\t\t<div class=\"elementor-cta\">\n\t\t\t\t\t<div class=\"elementor-cta__bg-wrapper\">\n\t\t\t\t<div class=\"elementor-cta__bg elementor-bg\" style=\"background-image: url(https:\/\/icelandconsulateghana.com\/wp-content\/uploads\/2025\/08\/aG0uwUMqNJQqHreW_EH9A1660-1024x751.jpg);\" role=\"img\" aria-label=\"aG0uwUMqNJQqHreW_EH9A1660\"><\/div>\n\t\t\t\t<div class=\"elementor-cta__bg-overlay\"><\/div>\n\t\t\t<\/div>\n\t\t\t\t\t\t\t<div class=\"elementor-cta__content\">\n\t\t\t\t\n\t\t\t\t\t\t\t\t\t<h2 class=\"elementor-cta__title elementor-cta__content-item elementor-content-item\">\n\t\t\t\t\t\tDoing Business in Iceland\t\t\t\t\t<\/h2>\n\t\t\t\t\n\t\t\t\t\t\t\t\t\t<div class=\"elementor-cta__description elementor-cta__content-item elementor-content-item\">\n\t\t\t\t\t\tBusiness Iceland is responsible for the branding and marketing of Iceland and Icelandic export industries.\t\t\t\t\t<\/div>\n\t\t\t\t\n\t\t\t\t\t\t\t\t\t<div class=\"elementor-cta__button-wrapper elementor-cta__content-item elementor-content-item \">\n\t\t\t\t\t<a class=\"elementor-cta__button elementor-button elementor-size-\" href=\"https:\/\/www.islandsstofa.is\/en\" target=\"_blank\">\n\t\t\t\t\t\tClick Here\t\t\t\t\t<\/a>\n\t\t\t\t\t<\/div>\n\t\t\t\t\t\t\t<\/div>\n\t\t\t\t\t\t<\/div>\n\t\t\t\t\t\t<\/div>\n\t\t\t\t<div class=\"elementor-element elementor-element-eb01759 elementor-cta--skin-classic elementor-animated-content elementor-bg-transform elementor-bg-transform-zoom-in elementor-widget elementor-widget-call-to-action\" data-id=\"eb01759\" data-element_type=\"widget\" data-e-type=\"widget\" data-widget_type=\"call-to-action.default\">\n\t\t\t\t\t\t\t<div class=\"elementor-cta\">\n\t\t\t\t\t<div class=\"elementor-cta__bg-wrapper\">\n\t\t\t\t<div class=\"elementor-cta__bg elementor-bg\" style=\"background-image: url(https:\/\/icelandconsulateghana.com\/wp-content\/uploads\/2025\/08\/shutterstock_497026894_1300x867_ca0e8cfb42-1024x683.webp);\" role=\"img\" aria-label=\"shutterstock_497026894_1300x867_ca0e8cfb42\"><\/div>\n\t\t\t\t<div class=\"elementor-cta__bg-overlay\"><\/div>\n\t\t\t<\/div>\n\t\t\t\t\t\t\t<div class=\"elementor-cta__content\">\n\t\t\t\t\n\t\t\t\t\t\t\t\t\t<h2 class=\"elementor-cta__title elementor-cta__content-item elementor-content-item\">\n\t\t\t\t\t\tHoliday in Iceland\t\t\t\t\t<\/h2>\n\t\t\t\t\n\t\t\t\t\t\t\t\t\t<div class=\"elementor-cta__description elementor-cta__content-item elementor-content-item\">\n\t\t\t\t\t\t\nIceland is a true haven of relaxation and rejuvenation, beckoning tired travelers from across the globe.\t\t\t\t\t<\/div>\n\t\t\t\t\n\t\t\t\t\t\t\t\t\t<div class=\"elementor-cta__button-wrapper elementor-cta__content-item elementor-content-item \">\n\t\t\t\t\t<a class=\"elementor-cta__button elementor-button elementor-size-\" href=\"https:\/\/www.visiticeland.com\/\" target=\"_blank\">\n\t\t\t\t\t\tClick Here\t\t\t\t\t<\/a>\n\t\t\t\t\t<\/div>\n\t\t\t\t\t\t\t<\/div>\n\t\t\t\t\t\t<\/div>\n\t\t\t\t\t\t<\/div>\n\t\t\t\t<\/div>\n\t\t\t\t<\/div>\n\t\t<div class=\"elementor-element elementor-element-4031b12 e-con-full e-flex e-con e-child\" data-id=\"4031b12\" data-element_type=\"container\" data-e-type=\"container\">\n\t\t<div class=\"elementor-element elementor-element-15c57c6 e-con-full e-flex e-con e-child\" data-id=\"15c57c6\" data-element_type=\"container\" data-e-type=\"container\">\n\t\t\t\t<div class=\"elementor-element elementor-element-0cb0218 elementor-widget elementor-widget-feedzy-rss-feeds\" data-id=\"0cb0218\" data-element_type=\"widget\" data-e-type=\"widget\" data-widget_type=\"feedzy-rss-feeds.default\">\n\t\t\t\t<div class=\"elementor-widget-container\">\n\t\t\t\t\t<p class=\"widget-title\">News<\/p><div class=\"feedzy-6d212aea97c10e2505281b03cf24e4ef feedzy-rss\"><ul><\/ul> <\/div>\t\t\t\t<\/div>\n\t\t\t\t<\/div>\n\t\t\t\t<\/div>\n\t\t<div class=\"elementor-element elementor-element-45104c2 e-con-full e-flex e-con e-child\" data-id=\"45104c2\" data-element_type=\"container\" data-e-type=\"container\">\n\t\t\t\t<div class=\"elementor-element elementor-element-e91721e elementor-grid-2 elementor-grid-tablet-2 elementor-grid-mobile-1 elementor-posts--thumbnail-top elementor-widget elementor-widget-posts\" data-id=\"e91721e\" data-element_type=\"widget\" data-e-type=\"widget\" data-settings=\"{&quot;classic_columns&quot;:&quot;2&quot;,&quot;classic_columns_tablet&quot;:&quot;2&quot;,&quot;classic_columns_mobile&quot;:&quot;1&quot;,&quot;classic_row_gap&quot;:{&quot;unit&quot;:&quot;px&quot;,&quot;size&quot;:35,&quot;sizes&quot;:[]},&quot;classic_row_gap_tablet&quot;:{&quot;unit&quot;:&quot;px&quot;,&quot;size&quot;:&quot;&quot;,&quot;sizes&quot;:[]},&quot;classic_row_gap_mobile&quot;:{&quot;unit&quot;:&quot;px&quot;,&quot;size&quot;:&quot;&quot;,&quot;sizes&quot;:[]}}\" data-widget_type=\"posts.classic\">\n\t\t\t\t<div class=\"elementor-widget-container\">\n\t\t\t\t\t\t\t<div class=\"elementor-posts-container elementor-posts elementor-posts--skin-classic elementor-grid\" role=\"list\">\n\t\t\t\t<article class=\"elementor-post elementor-grid-item post-1901 news_item type-news_item status-publish has-post-thumbnail hentry\" role=\"listitem\">\n\t\t\t\t<a class=\"elementor-post__thumbnail__link\" href=\"https:\/\/icelandconsulateghana.com\/is\/news\/power-cut-in-dyrafjordur-forces-residents-to-improvise\/\" tabindex=\"-1\" >\n\t\t\t<div class=\"elementor-post__thumbnail\"><img decoding=\"async\" width=\"260\" height=\"184\" src=\"https:\/\/icelandconsulateghana.com\/wp-content\/uploads\/2025\/12\/1621678A.jpg\" class=\"attachment-medium size-medium wp-image-1902\" alt=\"\" \/><\/div>\n\t\t<\/a>\n\t\t\t\t<div class=\"elementor-post__text\">\n\t\t\t\t<h3 class=\"elementor-post__title\">\n\t\t\t<a href=\"https:\/\/icelandconsulateghana.com\/is\/news\/power-cut-in-dyrafjordur-forces-residents-to-improvise\/\" >\n\t\t\t\tPower cut in D\u00fdrafj\u00f6r\u00f0ur forces residents to improvise\t\t\t<\/a>\n\t\t<\/h3>\n\t\t\t\t<div class=\"elementor-post__meta-data\">\n\t\t\t\t\t<span class=\"elementor-post-date\">\n\t\t\tdesember 26, 2025\t\t<\/span>\n\t\t\t\t<span class=\"elementor-post-avatar\">\n\t\t\tEngar athugasemdir\t\t<\/span>\n\t\t\t\t<\/div>\n\t\t\t\t<div class=\"elementor-post__excerpt\">\n\t\t\t<p>Valdimar Haukur G\u00edslason and his wife Edda Arnholtz spent Christmas Day without electricity at their home in M\u00fdrar in D\u00fdrafj\u00f6r\u00f0ur. Valdimar says it turned out<\/p>\n\t\t<\/div>\n\t\t\n\t\t<a class=\"elementor-post__read-more\" href=\"https:\/\/icelandconsulateghana.com\/is\/news\/power-cut-in-dyrafjordur-forces-residents-to-improvise\/\" aria-label=\"Read more about Power cut in D\u00fdrafj\u00f6r\u00f0ur forces residents to improvise\" tabindex=\"-1\" >\n\t\t\tRead More \u00bb\t\t<\/a>\n\n\t\t\t\t<\/div>\n\t\t\t\t<\/article>\n\t\t\t\t<article class=\"elementor-post elementor-grid-item post-1897 news_item type-news_item status-publish has-post-thumbnail hentry\" role=\"listitem\">\n\t\t\t\t<a class=\"elementor-post__thumbnail__link\" href=\"https:\/\/icelandconsulateghana.com\/is\/news\/christmas-meal-at-samhjalp-draws-large-turnout\/\" tabindex=\"-1\" >\n\t\t\t<div class=\"elementor-post__thumbnail\"><img decoding=\"async\" width=\"260\" height=\"161\" src=\"https:\/\/icelandconsulateghana.com\/wp-content\/uploads\/2025\/12\/1621619A.jpg\" class=\"attachment-medium size-medium wp-image-1898\" alt=\"\" \/><\/div>\n\t\t<\/a>\n\t\t\t\t<div class=\"elementor-post__text\">\n\t\t\t\t<h3 class=\"elementor-post__title\">\n\t\t\t<a href=\"https:\/\/icelandconsulateghana.com\/is\/news\/christmas-meal-at-samhjalp-draws-large-turnout\/\" >\n\t\t\t\tChristmas meal at Samhj\u00e1lp draws large turnout\t\t\t<\/a>\n\t\t<\/h3>\n\t\t\t\t<div class=\"elementor-post__meta-data\">\n\t\t\t\t\t<span class=\"elementor-post-date\">\n\t\t\tdesember 25, 2025\t\t<\/span>\n\t\t\t\t<span class=\"elementor-post-avatar\">\n\t\t\tEngar athugasemdir\t\t<\/span>\n\t\t\t\t<\/div>\n\t\t\t\t<div class=\"elementor-post__excerpt\">\n\t\t\t<p>Around 130 people attended the Christmas meal at Samhj\u00e1lp yesterday, and the day exceeded all expectations.<\/p>\n\t\t<\/div>\n\t\t\n\t\t<a class=\"elementor-post__read-more\" href=\"https:\/\/icelandconsulateghana.com\/is\/news\/christmas-meal-at-samhjalp-draws-large-turnout\/\" aria-label=\"Read more about Christmas meal at Samhj\u00e1lp draws large turnout\" tabindex=\"-1\" >\n\t\t\tRead More \u00bb\t\t<\/a>\n\n\t\t\t\t<\/div>\n\t\t\t\t<\/article>\n\t\t\t\t<\/div>\n\t\t\n\t\t\t\t\t\t<\/div>\n\t\t\t\t<\/div>\n\t\t\t\t<\/div>\n\t\t\t\t<\/div>\n\t\t\t\t\t<\/div>\n\t\t\t\t<\/div>\n\t\t<div class=\"elementor-element elementor-element-28fda20 e-flex e-con-boxed e-con e-parent\" data-id=\"28fda20\" data-element_type=\"container\" data-e-type=\"container\">\n\t\t\t\t\t<div class=\"e-con-inner\">\n\t\t\t\t<div class=\"elementor-element elementor-element-0e1b15d elementor-widget elementor-widget-spacer\" data-id=\"0e1b15d\" data-element_type=\"widget\" data-e-type=\"widget\" data-widget_type=\"spacer.default\">\n\t\t\t\t\t\t\t<div class=\"elementor-spacer\">\n\t\t\t<div class=\"elementor-spacer-inner\"><\/div>\n\t\t<\/div>\n\t\t\t\t\t\t<\/div>\n\t\t\t\t\t<\/div>\n\t\t\t\t<\/div>\n\t\t\t\t<\/div>\n\t\t","protected":false},"excerpt":{"rendered":"<p>Immerse yourself in stunning landscapes, vibrant business opportunities, and unforgettable holiday experiences. From the Northern Lights to innovative industries, Iceland invites you to explore, invest, and indulge in a land of endless possibilities. Doing Business in Iceland Business Iceland is responsible for the branding and marketing of Iceland and Icelandic export industries. Click Here Holiday [&hellip;]<\/p>\n","protected":false},"author":1,"featured_media":0,"parent":0,"menu_order":0,"comment_status":"closed","ping_status":"closed","template":"elementor_header_footer","meta":{"_coblocks_attr":"","_coblocks_dimensions":"","_coblocks_responsive_height":"","_coblocks_accordion_ie_support":"","footnotes":""},"class_list":["post-455","page","type-page","status-publish","hentry"],"yoast_head":"<!-- This site is optimized with the Yoast SEO plugin v27.5 - https:\/\/yoast.com\/product\/yoast-seo-wordpress\/ -->\n<title>Visiting_Island<\/title>\n<meta name=\"description\" content=\"Immerse yourself in stunning landscapes, vibrant business opportunities, and unforgettable holiday experiences. From the Northern Lights to innovative industries, Iceland invites you to explore, invest, and indulge in a land of endless possibilities. Doing Business in Iceland Business Iceland is responsible for the branding and marketing of Iceland and Icelandic export industries. Click Here Holiday&hellip;\" \/>\n<meta name=\"robots\" content=\"index, follow, max-snippet:-1, max-image-preview:large, max-video-preview:-1\" \/>\n<link rel=\"canonical\" href=\"http:\/\/Immerse%20yourself%20in%20stunning%20landscapes,%20vibrant%20business%20opportunities,%20and%20unforgettable%20holiday%20experiences.%20From%20the%20Northern%20Lights%20to%20innovative%20industries,%20Iceland%20invites%20you%20to%20explore,%20invest,%20and%20indulge%20in%20a%20land%20of%20endless%20possibilities.%20Doing%20Business%20in%20Iceland%20Business%20Iceland%20is%20responsible%20for%20the%20branding%20and%20marketing%20of%20Iceland%20and%20Icelandic%20export%20industries.%20Click%20Here%20Holiday&hellip;\" \/>\n<meta property=\"og:locale\" content=\"is_IS\" \/>\n<meta property=\"og:type\" content=\"article\" \/>\n<meta property=\"og:title\" content=\"Visiting_Island\" \/>\n<meta property=\"og:description\" content=\"Immerse yourself in stunning landscapes, vibrant business opportunities, and unforgettable holiday experiences. From the Northern Lights to innovative industries, Iceland invites you to explore, invest, and indulge in a land of endless possibilities. Doing Business in Iceland Business Iceland is responsible for the branding and marketing of Iceland and Icelandic export industries. Click Here Holiday&hellip;\" \/>\n<meta property=\"og:url\" content=\"https:\/\/icelandconsulateghana.com\/is\/education_culture\/\" \/>\n<meta property=\"og:site_name\" content=\"Iceland Consulate in Ghana\" \/>\n<meta property=\"article:modified_time\" content=\"2025-09-06T10:25:39+00:00\" \/>\n<meta property=\"og:image\" content=\"https:\/\/icelandconsulateghana.com\/wp-content\/uploads\/2025\/08\/header-seydisfjordur-iceland-SMTOWNICE1121-c3f6cb2991a34f339c34ac771b67c409.jpg\" \/>\n\t<meta property=\"og:image:width\" content=\"1500\" \/>\n\t<meta property=\"og:image:height\" content=\"1000\" \/>\n\t<meta property=\"og:image:type\" content=\"image\/jpeg\" \/>\n<meta name=\"twitter:card\" content=\"summary_large_image\" \/>\n<meta name=\"twitter:label1\" content=\"Est. reading time\" \/>\n\t<meta name=\"twitter:data1\" content=\"2 minutes\" \/>\n<script type=\"application\/ld+json\" class=\"yoast-schema-graph\">{\"@context\":\"https:\\\/\\\/schema.org\",\"@graph\":[{\"@type\":\"WebPage\",\"@id\":\"https:\\\/\\\/icelandconsulateghana.com\\\/is\\\/education_culture\\\/\",\"url\":\"https:\\\/\\\/icelandconsulateghana.com\\\/is\\\/education_culture\\\/\",\"name\":\"Visiting_Island - Iceland Consulate in Ghana\",\"isPartOf\":{\"@id\":\"https:\\\/\\\/icelandconsulateghana.com\\\/#website\"},\"primaryImageOfPage\":{\"@id\":\"https:\\\/\\\/icelandconsulateghana.com\\\/is\\\/education_culture\\\/#primaryimage\"},\"image\":{\"@id\":\"https:\\\/\\\/icelandconsulateghana.com\\\/is\\\/education_culture\\\/#primaryimage\"},\"thumbnailUrl\":\"https:\\\/\\\/icelandconsulateghana.com\\\/wp-content\\\/uploads\\\/2025\\\/08\\\/header-seydisfjordur-iceland-SMTOWNICE1121-c3f6cb2991a34f339c34ac771b67c409-1024x683.jpg\",\"datePublished\":\"2025-08-31T04:57:01+00:00\",\"dateModified\":\"2025-09-06T10:25:39+00:00\",\"breadcrumb\":{\"@id\":\"https:\\\/\\\/icelandconsulateghana.com\\\/is\\\/education_culture\\\/#breadcrumb\"},\"inLanguage\":\"is\",\"potentialAction\":[{\"@type\":\"ReadAction\",\"target\":[\"https:\\\/\\\/icelandconsulateghana.com\\\/is\\\/education_culture\\\/\"]}]},{\"@type\":\"ImageObject\",\"inLanguage\":\"is\",\"@id\":\"https:\\\/\\\/icelandconsulateghana.com\\\/is\\\/education_culture\\\/#primaryimage\",\"url\":\"https:\\\/\\\/icelandconsulateghana.com\\\/wp-content\\\/uploads\\\/2025\\\/08\\\/header-seydisfjordur-iceland-SMTOWNICE1121-c3f6cb2991a34f339c34ac771b67c409-1024x683.jpg\",\"contentUrl\":\"https:\\\/\\\/icelandconsulateghana.com\\\/wp-content\\\/uploads\\\/2025\\\/08\\\/header-seydisfjordur-iceland-SMTOWNICE1121-c3f6cb2991a34f339c34ac771b67c409-1024x683.jpg\"},{\"@type\":\"BreadcrumbList\",\"@id\":\"https:\\\/\\\/icelandconsulateghana.com\\\/is\\\/education_culture\\\/#breadcrumb\",\"itemListElement\":[{\"@type\":\"ListItem\",\"position\":1,\"name\":\"Home\",\"item\":\"https:\\\/\\\/icelandconsulateghana.com\\\/\"},{\"@type\":\"ListItem\",\"position\":2,\"name\":\"Visiting_Island\"}]},{\"@type\":\"WebSite\",\"@id\":\"https:\\\/\\\/icelandconsulateghana.com\\\/is\\\/#website\",\"url\":\"https:\\\/\\\/icelandconsulateghana.com\\\/is\\\/\",\"name\":\"Iceland Consulate in Ghana\",\"description\":\"\",\"publisher\":{\"@id\":\"https:\\\/\\\/icelandconsulateghana.com\\\/is\\\/#organization\"},\"potentialAction\":[{\"@type\":\"SearchAction\",\"target\":{\"@type\":\"EntryPoint\",\"urlTemplate\":\"https:\\\/\\\/icelandconsulateghana.com\\\/is\\\/?s={search_term_string}\"},\"query-input\":{\"@type\":\"PropertyValueSpecification\",\"valueRequired\":true,\"valueName\":\"search_term_string\"}}],\"inLanguage\":\"is\"},{\"@type\":\"Organization\",\"@id\":\"https:\\\/\\\/icelandconsulateghana.com\\\/is\\\/#organization\",\"name\":\"Iceland Consulate in Ghana\",\"url\":\"https:\\\/\\\/icelandconsulateghana.com\\\/is\\\/\",\"logo\":{\"@type\":\"ImageObject\",\"inLanguage\":\"is\",\"@id\":\"https:\\\/\\\/icelandconsulateghana.com\\\/is\\\/#\\\/schema\\\/logo\\\/image\\\/\",\"url\":\"https:\\\/\\\/icelandconsulateghana.com\\\/wp-content\\\/uploads\\\/2025\\\/08\\\/1200px-Coat_of_arms_of_Iceland.svg_.webp\",\"contentUrl\":\"https:\\\/\\\/icelandconsulateghana.com\\\/wp-content\\\/uploads\\\/2025\\\/08\\\/1200px-Coat_of_arms_of_Iceland.svg_.webp\",\"width\":1200,\"height\":1269,\"caption\":\"Iceland Consulate in Ghana\"},\"image\":{\"@id\":\"https:\\\/\\\/icelandconsulateghana.com\\\/is\\\/#\\\/schema\\\/logo\\\/image\\\/\"}}]}<\/script>\n<!-- \/ Yoast SEO plugin. -->","yoast_head_json":{"title":"Visiting_Island","description":"Immerse yourself in stunning landscapes, vibrant business opportunities, and unforgettable holiday experiences. From the Northern Lights to innovative industries, Iceland invites you to explore, invest, and indulge in a land of endless possibilities. Doing Business in Iceland Business Iceland is responsible for the branding and marketing of Iceland and Icelandic export industries. Click Here Holiday&hellip;","robots":{"index":"index","follow":"follow","max-snippet":"max-snippet:-1","max-image-preview":"max-image-preview:large","max-video-preview":"max-video-preview:-1"},"canonical":"Immerse yourself in stunning landscapes, vibrant business opportunities, and unforgettable holiday experiences. From the Northern Lights to innovative industries, Iceland invites you to explore, invest, and indulge in a land of endless possibilities. Doing Business in Iceland Business Iceland is responsible for the branding and marketing of Iceland and Icelandic export industries. Click Here Holiday&hellip;","og_locale":"is_IS","og_type":"article","og_title":"Visiting_Island","og_description":"Immerse yourself in stunning landscapes, vibrant business opportunities, and unforgettable holiday experiences. From the Northern Lights to innovative industries, Iceland invites you to explore, invest, and indulge in a land of endless possibilities. Doing Business in Iceland Business Iceland is responsible for the branding and marketing of Iceland and Icelandic export industries. Click Here Holiday&hellip;","og_url":"https:\/\/icelandconsulateghana.com\/is\/education_culture\/","og_site_name":"Iceland Consulate in Ghana","article_modified_time":"2025-09-06T10:25:39+00:00","og_image":[{"width":1500,"height":1000,"url":"https:\/\/icelandconsulateghana.com\/wp-content\/uploads\/2025\/08\/header-seydisfjordur-iceland-SMTOWNICE1121-c3f6cb2991a34f339c34ac771b67c409.jpg","type":"image\/jpeg"}],"twitter_card":"summary_large_image","twitter_misc":{"Est. reading time":"2 minutes"},"schema":{"@context":"https:\/\/schema.org","@graph":[{"@type":"WebPage","@id":"https:\/\/icelandconsulateghana.com\/is\/education_culture\/","url":"https:\/\/icelandconsulateghana.com\/is\/education_culture\/","name":"Visiting_Island - Iceland Consulate in Ghana","isPartOf":{"@id":"https:\/\/icelandconsulateghana.com\/#website"},"primaryImageOfPage":{"@id":"https:\/\/icelandconsulateghana.com\/is\/education_culture\/#primaryimage"},"image":{"@id":"https:\/\/icelandconsulateghana.com\/is\/education_culture\/#primaryimage"},"thumbnailUrl":"https:\/\/icelandconsulateghana.com\/wp-content\/uploads\/2025\/08\/header-seydisfjordur-iceland-SMTOWNICE1121-c3f6cb2991a34f339c34ac771b67c409-1024x683.jpg","datePublished":"2025-08-31T04:57:01+00:00","dateModified":"2025-09-06T10:25:39+00:00","breadcrumb":{"@id":"https:\/\/icelandconsulateghana.com\/is\/education_culture\/#breadcrumb"},"inLanguage":"is","potentialAction":[{"@type":"ReadAction","target":["https:\/\/icelandconsulateghana.com\/is\/education_culture\/"]}]},{"@type":"ImageObject","inLanguage":"is","@id":"https:\/\/icelandconsulateghana.com\/is\/education_culture\/#primaryimage","url":"https:\/\/icelandconsulateghana.com\/wp-content\/uploads\/2025\/08\/header-seydisfjordur-iceland-SMTOWNICE1121-c3f6cb2991a34f339c34ac771b67c409-1024x683.jpg","contentUrl":"https:\/\/icelandconsulateghana.com\/wp-content\/uploads\/2025\/08\/header-seydisfjordur-iceland-SMTOWNICE1121-c3f6cb2991a34f339c34ac771b67c409-1024x683.jpg"},{"@type":"BreadcrumbList","@id":"https:\/\/icelandconsulateghana.com\/is\/education_culture\/#breadcrumb","itemListElement":[{"@type":"ListItem","position":1,"name":"Home","item":"https:\/\/icelandconsulateghana.com\/"},{"@type":"ListItem","position":2,"name":"Visiting_Island"}]},{"@type":"WebSite","@id":"https:\/\/icelandconsulateghana.com\/is\/#website","url":"https:\/\/icelandconsulateghana.com\/is\/","name":"Iceland Consulate in Ghana","description":"","publisher":{"@id":"https:\/\/icelandconsulateghana.com\/is\/#organization"},"potentialAction":[{"@type":"SearchAction","target":{"@type":"EntryPoint","urlTemplate":"https:\/\/icelandconsulateghana.com\/is\/?s={search_term_string}"},"query-input":{"@type":"PropertyValueSpecification","valueRequired":true,"valueName":"search_term_string"}}],"inLanguage":"is"},{"@type":"Organization","@id":"https:\/\/icelandconsulateghana.com\/is\/#organization","name":"Iceland Consulate in Ghana","url":"https:\/\/icelandconsulateghana.com\/is\/","logo":{"@type":"ImageObject","inLanguage":"is","@id":"https:\/\/icelandconsulateghana.com\/is\/#\/schema\/logo\/image\/","url":"https:\/\/icelandconsulateghana.com\/wp-content\/uploads\/2025\/08\/1200px-Coat_of_arms_of_Iceland.svg_.webp","contentUrl":"https:\/\/icelandconsulateghana.com\/wp-content\/uploads\/2025\/08\/1200px-Coat_of_arms_of_Iceland.svg_.webp","width":1200,"height":1269,"caption":"Iceland Consulate in Ghana"},"image":{"@id":"https:\/\/icelandconsulateghana.com\/is\/#\/schema\/logo\/image\/"}}]}},"_links":{"self":[{"href":"https:\/\/icelandconsulateghana.com\/is\/wp-json\/wp\/v2\/pages\/455","targetHints":{"allow":["GET"]}}],"collection":[{"href":"https:\/\/icelandconsulateghana.com\/is\/wp-json\/wp\/v2\/pages"}],"about":[{"href":"https:\/\/icelandconsulateghana.com\/is\/wp-json\/wp\/v2\/types\/page"}],"author":[{"embeddable":true,"href":"https:\/\/icelandconsulateghana.com\/is\/wp-json\/wp\/v2\/users\/1"}],"replies":[{"embeddable":true,"href":"https:\/\/icelandconsulateghana.com\/is\/wp-json\/wp\/v2\/comments?post=455"}],"version-history":[{"count":44,"href":"https:\/\/icelandconsulateghana.com\/is\/wp-json\/wp\/v2\/pages\/455\/revisions"}],"predecessor-version":[{"id":821,"href":"https:\/\/icelandconsulateghana.com\/is\/wp-json\/wp\/v2\/pages\/455\/revisions\/821"}],"wp:attachment":[{"href":"https:\/\/icelandconsulateghana.com\/is\/wp-json\/wp\/v2\/media?parent=455"}],"curies":[{"name":"wp","href":"https:\/\/api.w.org\/{rel}","templated":true}]}}