{"id":212,"date":"2025-08-24T11:33:30","date_gmt":"2025-08-24T11:33:30","guid":{"rendered":"https:\/\/icelandconsulateghana.com\/?page_id=212"},"modified":"2026-03-04T07:25:31","modified_gmt":"2026-03-04T07:25:31","slug":"services","status":"publish","type":"page","link":"https:\/\/icelandconsulateghana.com\/is\/services\/","title":{"rendered":"Services"},"content":{"rendered":"\t\t<div data-elementor-type=\"wp-page\" data-elementor-id=\"212\" class=\"elementor elementor-212\" data-elementor-post-type=\"page\">\n\t\t\t\t<div class=\"elementor-element elementor-element-970bed2 e-flex e-con-boxed e-con e-parent\" data-id=\"970bed2\" data-element_type=\"container\" data-e-type=\"container\">\n\t\t\t\t\t<div class=\"e-con-inner\">\n\t\t\t\t<div class=\"elementor-element elementor-element-1f7333f elementor-widget elementor-widget-spacer\" data-id=\"1f7333f\" data-element_type=\"widget\" data-e-type=\"widget\" data-widget_type=\"spacer.default\">\n\t\t\t\t\t\t\t<div class=\"elementor-spacer\">\n\t\t\t<div class=\"elementor-spacer-inner\"><\/div>\n\t\t<\/div>\n\t\t\t\t\t\t<\/div>\n\t\t\t\t\t<\/div>\n\t\t\t\t<\/div>\n\t\t<div class=\"elementor-element elementor-element-3044c56 e-flex e-con-boxed e-con e-parent\" data-id=\"3044c56\" data-element_type=\"container\" data-e-type=\"container\">\n\t\t\t\t\t<div class=\"e-con-inner\">\n\t\t<div class=\"elementor-element elementor-element-e61fa59 e-con-full e-flex e-con e-child\" data-id=\"e61fa59\" data-element_type=\"container\" data-e-type=\"container\">\n\t\t\t\t<div class=\"elementor-element elementor-element-98a817b elementor-widget elementor-widget-text-editor\" data-id=\"98a817b\" data-element_type=\"widget\" data-e-type=\"widget\" data-widget_type=\"text-editor.default\">\n\t\t\t\t\t\t\t\t\t<p>Our mission is to provide consular services to Ghanaians and persons resident in Ghana and facilitate seamless travel and trade opportunities for Ghanaians interested in exploring the beauty and opportunities Iceland has to offer.<\/p><p>Whether you seek information on visa applications or cultural exchanges or wish to learn more about our vibrant history and culture, we are dedicated to providing you with the necessary resources and support.<\/p><p>The Consulate provides these services:<\/p><p><strong>Authentication and legalization of documents<\/strong><\/p><p><strong>Issuance of Emergency Passports for Iceland nationals in Ghana or visiting Ghana<\/strong><\/p><div class=\"row\"><div class=\"col-lg-6\"><p><strong>Facilitating Iceland-Ghana trade opportunities<\/strong><\/p><p><strong>Protection of the welfare and interests of Icelandic nationals<\/strong><\/p><\/div><\/div><p>Please note * Visa to Iceland can be obtained at the embassy of Denmark in Ghana.<\/p>\t\t\t\t\t\t\t\t<\/div>\n\t\t<div class=\"elementor-element elementor-element-86e96ba e-con-full e-flex e-con e-child\" data-id=\"86e96ba\" data-element_type=\"container\" data-e-type=\"container\">\n\t\t\t\t<div class=\"elementor-element elementor-element-0aa9069 elementor-widget__width-initial elementor-widget-mobile__width-initial elementor-cta--skin-classic elementor-animated-content elementor-bg-transform elementor-bg-transform-zoom-in elementor-widget elementor-widget-call-to-action\" data-id=\"0aa9069\" data-element_type=\"widget\" data-e-type=\"widget\" data-widget_type=\"call-to-action.default\">\n\t\t\t\t\t\t\t<div class=\"elementor-cta\">\n\t\t\t\t\t<div class=\"elementor-cta__bg-wrapper\">\n\t\t\t\t<div class=\"elementor-cta__bg elementor-bg\" style=\"background-image: url(https:\/\/icelandconsulateghana.com\/wp-content\/uploads\/2025\/08\/2206690439-1024x540.jpg);\" role=\"img\" aria-label=\"image-10\"><\/div>\n\t\t\t\t<div class=\"elementor-cta__bg-overlay\"><\/div>\n\t\t\t<\/div>\n\t\t\t\t\t\t\t<div class=\"elementor-cta__content\">\n\t\t\t\t\n\t\t\t\t\t\t\t\t\t<h2 class=\"elementor-cta__title elementor-cta__content-item elementor-content-item\">\n\t\t\t\t\t\tAssisting Icelandic citizens\t\t\t\t\t<\/h2>\n\t\t\t\t\n\t\t\t\t\t\t\t\t\t<div class=\"elementor-cta__description elementor-cta__content-item elementor-content-item\">\n\t\t\t\t\t\tThe Consular Affairs Unit of the Ministry for Foreign Affairs safeguards the interest and safety of Icelandic citizens abroad.\t\t\t\t\t<\/div>\n\t\t\t\t\n\t\t\t\t\t\t\t\t\t<div class=\"elementor-cta__button-wrapper elementor-cta__content-item elementor-content-item \">\n\t\t\t\t\t<a class=\"elementor-cta__button elementor-button elementor-size-\" href=\"https:\/\/www.government.is\/diplomatic-missions\/\">\n\t\t\t\t\t\tClick Here\t\t\t\t\t<\/a>\n\t\t\t\t\t<\/div>\n\t\t\t\t\t\t\t<\/div>\n\t\t\t\t\t\t<\/div>\n\t\t\t\t\t\t<\/div>\n\t\t\t\t<div class=\"elementor-element elementor-element-3cb7b6e elementor-cta--skin-classic elementor-animated-content elementor-bg-transform elementor-bg-transform-zoom-in elementor-widget elementor-widget-call-to-action\" data-id=\"3cb7b6e\" data-element_type=\"widget\" data-e-type=\"widget\" data-widget_type=\"call-to-action.default\">\n\t\t\t\t\t\t\t<div class=\"elementor-cta\">\n\t\t\t\t\t<div class=\"elementor-cta__bg-wrapper\">\n\t\t\t\t<div class=\"elementor-cta__bg elementor-bg\" style=\"background-image: url(https:\/\/icelandconsulateghana.com\/wp-content\/uploads\/2025\/08\/godafoss-waterfall-sunset-winter-iceland-guy-red-jacket-looks-godafoss-waterfall_335224-673.avif);\" role=\"img\" aria-label=\"godafoss-waterfall-sunset-winter-iceland-guy-red-jacket-looks-godafoss-waterfall_335224-673\"><\/div>\n\t\t\t\t<div class=\"elementor-cta__bg-overlay\"><\/div>\n\t\t\t<\/div>\n\t\t\t\t\t\t\t<div class=\"elementor-cta__content\">\n\t\t\t\t\n\t\t\t\t\t\t\t\t\t<h2 class=\"elementor-cta__title elementor-cta__content-item elementor-content-item\">\n\t\t\t\t\t\tInformation on travel to Iceland\t\t\t\t\t<\/h2>\n\t\t\t\t\n\t\t\t\t\t\t\t\t\t<div class=\"elementor-cta__description elementor-cta__content-item elementor-content-item\">\n\t\t\t\t\t\tPeople intending to travel to Iceland should inquire with the Directorate of Immigration whether they need to obtain a visa prior to arrival. \t\t\t\t\t<\/div>\n\t\t\t\t\n\t\t\t\t\t\t\t\t\t<div class=\"elementor-cta__button-wrapper elementor-cta__content-item elementor-content-item \">\n\t\t\t\t\t<a class=\"elementor-cta__button elementor-button elementor-size-\" href=\"https:\/\/www.government.is\/topics\/foreign-affairs\/consular-affairs\/\">\n\t\t\t\t\t\tClick Here\t\t\t\t\t<\/a>\n\t\t\t\t\t<\/div>\n\t\t\t\t\t\t\t<\/div>\n\t\t\t\t\t\t<\/div>\n\t\t\t\t\t\t<\/div>\n\t\t\t\t<\/div>\n\t\t\t\t<\/div>\n\t\t<div class=\"elementor-element elementor-element-9284008 e-con-full e-flex e-con e-child\" data-id=\"9284008\" data-element_type=\"container\" data-e-type=\"container\">\n\t\t<div class=\"elementor-element elementor-element-a159da3 e-con-full e-flex e-con e-child\" data-id=\"a159da3\" data-element_type=\"container\" data-e-type=\"container\">\n\t\t\t\t<div class=\"elementor-element elementor-element-5a32515 elementor-grid-2 elementor-grid-tablet-2 elementor-grid-mobile-1 elementor-posts--thumbnail-top elementor-widget elementor-widget-posts\" data-id=\"5a32515\" data-element_type=\"widget\" data-e-type=\"widget\" data-settings=\"{&quot;classic_columns&quot;:&quot;2&quot;,&quot;classic_columns_tablet&quot;:&quot;2&quot;,&quot;classic_columns_mobile&quot;:&quot;1&quot;,&quot;classic_row_gap&quot;:{&quot;unit&quot;:&quot;px&quot;,&quot;size&quot;:35,&quot;sizes&quot;:[]},&quot;classic_row_gap_tablet&quot;:{&quot;unit&quot;:&quot;px&quot;,&quot;size&quot;:&quot;&quot;,&quot;sizes&quot;:[]},&quot;classic_row_gap_mobile&quot;:{&quot;unit&quot;:&quot;px&quot;,&quot;size&quot;:&quot;&quot;,&quot;sizes&quot;:[]}}\" data-widget_type=\"posts.classic\">\n\t\t\t\t<div class=\"elementor-widget-container\">\n\t\t\t\t\t\t\t<div class=\"elementor-posts-container elementor-posts elementor-posts--skin-classic elementor-grid\" role=\"list\">\n\t\t\t\t<article class=\"elementor-post elementor-grid-item post-1901 news_item type-news_item status-publish has-post-thumbnail hentry\" role=\"listitem\">\n\t\t\t\t<a class=\"elementor-post__thumbnail__link\" href=\"https:\/\/icelandconsulateghana.com\/is\/news\/power-cut-in-dyrafjordur-forces-residents-to-improvise\/\" tabindex=\"-1\" >\n\t\t\t<div class=\"elementor-post__thumbnail\"><img decoding=\"async\" width=\"260\" height=\"184\" src=\"https:\/\/icelandconsulateghana.com\/wp-content\/uploads\/2025\/12\/1621678A.jpg\" class=\"attachment-medium size-medium wp-image-1902\" alt=\"\" \/><\/div>\n\t\t<\/a>\n\t\t\t\t<div class=\"elementor-post__text\">\n\t\t\t\t<h3 class=\"elementor-post__title\">\n\t\t\t<a href=\"https:\/\/icelandconsulateghana.com\/is\/news\/power-cut-in-dyrafjordur-forces-residents-to-improvise\/\" >\n\t\t\t\tPower cut in D\u00fdrafj\u00f6r\u00f0ur forces residents to improvise\t\t\t<\/a>\n\t\t<\/h3>\n\t\t\t\t<div class=\"elementor-post__meta-data\">\n\t\t\t\t\t<span class=\"elementor-post-date\">\n\t\t\tdesember 26, 2025\t\t<\/span>\n\t\t\t\t<span class=\"elementor-post-avatar\">\n\t\t\tEngar athugasemdir\t\t<\/span>\n\t\t\t\t<\/div>\n\t\t\t\t<div class=\"elementor-post__excerpt\">\n\t\t\t<p>Valdimar Haukur G\u00edslason and his wife Edda Arnholtz spent Christmas Day without electricity at their home in M\u00fdrar in D\u00fdrafj\u00f6r\u00f0ur. Valdimar says it turned out<\/p>\n\t\t<\/div>\n\t\t\n\t\t<a class=\"elementor-post__read-more\" href=\"https:\/\/icelandconsulateghana.com\/is\/news\/power-cut-in-dyrafjordur-forces-residents-to-improvise\/\" aria-label=\"Read more about Power cut in D\u00fdrafj\u00f6r\u00f0ur forces residents to improvise\" tabindex=\"-1\" >\n\t\t\tRead More \u00bb\t\t<\/a>\n\n\t\t\t\t<\/div>\n\t\t\t\t<\/article>\n\t\t\t\t<article class=\"elementor-post elementor-grid-item post-1897 news_item type-news_item status-publish has-post-thumbnail hentry\" role=\"listitem\">\n\t\t\t\t<a class=\"elementor-post__thumbnail__link\" href=\"https:\/\/icelandconsulateghana.com\/is\/news\/christmas-meal-at-samhjalp-draws-large-turnout\/\" tabindex=\"-1\" >\n\t\t\t<div class=\"elementor-post__thumbnail\"><img decoding=\"async\" width=\"260\" height=\"161\" src=\"https:\/\/icelandconsulateghana.com\/wp-content\/uploads\/2025\/12\/1621619A.jpg\" class=\"attachment-medium size-medium wp-image-1898\" alt=\"\" \/><\/div>\n\t\t<\/a>\n\t\t\t\t<div class=\"elementor-post__text\">\n\t\t\t\t<h3 class=\"elementor-post__title\">\n\t\t\t<a href=\"https:\/\/icelandconsulateghana.com\/is\/news\/christmas-meal-at-samhjalp-draws-large-turnout\/\" >\n\t\t\t\tChristmas meal at Samhj\u00e1lp draws large turnout\t\t\t<\/a>\n\t\t<\/h3>\n\t\t\t\t<div class=\"elementor-post__meta-data\">\n\t\t\t\t\t<span class=\"elementor-post-date\">\n\t\t\tdesember 25, 2025\t\t<\/span>\n\t\t\t\t<span class=\"elementor-post-avatar\">\n\t\t\tEngar athugasemdir\t\t<\/span>\n\t\t\t\t<\/div>\n\t\t\t\t<div class=\"elementor-post__excerpt\">\n\t\t\t<p>Around 130 people attended the Christmas meal at Samhj\u00e1lp yesterday, and the day exceeded all expectations.<\/p>\n\t\t<\/div>\n\t\t\n\t\t<a class=\"elementor-post__read-more\" href=\"https:\/\/icelandconsulateghana.com\/is\/news\/christmas-meal-at-samhjalp-draws-large-turnout\/\" aria-label=\"Read more about Christmas meal at Samhj\u00e1lp draws large turnout\" tabindex=\"-1\" >\n\t\t\tRead More \u00bb\t\t<\/a>\n\n\t\t\t\t<\/div>\n\t\t\t\t<\/article>\n\t\t\t\t<\/div>\n\t\t\n\t\t\t\t\t\t<\/div>\n\t\t\t\t<\/div>\n\t\t\t\t<\/div>\n\t\t\t\t<\/div>\n\t\t\t\t\t<\/div>\n\t\t\t\t<\/div>\n\t\t<div class=\"elementor-element elementor-element-1fc7b71 e-flex e-con-boxed e-con e-parent\" data-id=\"1fc7b71\" data-element_type=\"container\" data-e-type=\"container\">\n\t\t\t\t\t<div class=\"e-con-inner\">\n\t\t\t\t<div class=\"elementor-element elementor-element-20b93b3 elementor-widget elementor-widget-spacer\" data-id=\"20b93b3\" data-element_type=\"widget\" data-e-type=\"widget\" data-widget_type=\"spacer.default\">\n\t\t\t\t\t\t\t<div class=\"elementor-spacer\">\n\t\t\t<div class=\"elementor-spacer-inner\"><\/div>\n\t\t<\/div>\n\t\t\t\t\t\t<\/div>\n\t\t\t\t\t<\/div>\n\t\t\t\t<\/div>\n\t\t<div class=\"elementor-element elementor-element-f985111 e-flex e-con-boxed e-con e-parent\" data-id=\"f985111\" data-element_type=\"container\" data-e-type=\"container\">\n\t\t\t\t\t<div class=\"e-con-inner\">\n\t\t\t\t\t<\/div>\n\t\t\t\t<\/div>\n\t\t\t\t<\/div>\n\t\t","protected":false},"excerpt":{"rendered":"<p>Our mission is to provide consular services to Ghanaians and persons resident in Ghana and facilitate seamless travel and trade opportunities for Ghanaians interested in exploring the beauty and opportunities Iceland has to offer. Whether you seek information on visa applications or cultural exchanges or wish to learn more about our vibrant history and culture, [&hellip;]<\/p>\n","protected":false},"author":1,"featured_media":0,"parent":0,"menu_order":0,"comment_status":"closed","ping_status":"closed","template":"elementor_header_footer","meta":{"_coblocks_attr":"","_coblocks_dimensions":"","_coblocks_responsive_height":"","_coblocks_accordion_ie_support":"","footnotes":""},"class_list":["post-212","page","type-page","status-publish","hentry"],"yoast_head":"<!-- This site is optimized with the Yoast SEO plugin v27.5 - https:\/\/yoast.com\/product\/yoast-seo-wordpress\/ -->\n<title>Services<\/title>\n<meta name=\"description\" content=\"Our mission is to provide consular services to Ghanaians and persons resident in Ghana and facilitate seamless travel and trade opportunities for Ghanaians interested in exploring the beauty and opportunities Iceland has to offer.Whether you seek information on visa applications or cultural exchanges or wish to learn more about our vibrant history and culture, we&hellip;\" \/>\n<meta name=\"robots\" content=\"index, follow, max-snippet:-1, max-image-preview:large, max-video-preview:-1\" \/>\n<link rel=\"canonical\" href=\"http:\/\/Our%20mission%20is%20to%20provide%20consular%20services%20to%20Ghanaians%20and%20persons%20resident%20in%20Ghana%20and%20facilitate%20seamless%20travel%20and%20trade%20opportunities%20for%20Ghanaians%20interested%20in%20exploring%20the%20beauty%20and%20opportunities%20Iceland%20has%20to%20offer.Whether%20you%20seek%20information%20on%20visa%20applications%20or%20cultural%20exchanges%20or%20wish%20to%20learn%20more%20about%20our%20vibrant%20history%20and%20culture,%20we&hellip;\" \/>\n<meta property=\"og:locale\" content=\"is_IS\" \/>\n<meta property=\"og:type\" content=\"article\" \/>\n<meta property=\"og:title\" content=\"Services\" \/>\n<meta property=\"og:description\" content=\"Our mission is to provide consular services to Ghanaians and persons resident in Ghana and facilitate seamless travel and trade opportunities for Ghanaians interested in exploring the beauty and opportunities Iceland has to offer.Whether you seek information on visa applications or cultural exchanges or wish to learn more about our vibrant history and culture, we&hellip;\" \/>\n<meta property=\"og:url\" content=\"https:\/\/icelandconsulateghana.com\/is\/services\/\" \/>\n<meta property=\"og:site_name\" content=\"Iceland Consulate in Ghana\" \/>\n<meta property=\"article:modified_time\" content=\"2026-03-04T07:25:31+00:00\" \/>\n<meta name=\"twitter:card\" content=\"summary_large_image\" \/>\n<meta name=\"twitter:label1\" content=\"Est. reading time\" \/>\n\t<meta name=\"twitter:data1\" content=\"1 minute\" \/>\n<script type=\"application\/ld+json\" class=\"yoast-schema-graph\">{\"@context\":\"https:\\\/\\\/schema.org\",\"@graph\":[{\"@type\":\"WebPage\",\"@id\":\"https:\\\/\\\/icelandconsulateghana.com\\\/is\\\/services\\\/\",\"url\":\"https:\\\/\\\/icelandconsulateghana.com\\\/is\\\/services\\\/\",\"name\":\"Services - Iceland Consulate in Ghana\",\"isPartOf\":{\"@id\":\"https:\\\/\\\/icelandconsulateghana.com\\\/#website\"},\"datePublished\":\"2025-08-24T11:33:30+00:00\",\"dateModified\":\"2026-03-04T07:25:31+00:00\",\"breadcrumb\":{\"@id\":\"https:\\\/\\\/icelandconsulateghana.com\\\/is\\\/services\\\/#breadcrumb\"},\"inLanguage\":\"is\",\"potentialAction\":[{\"@type\":\"ReadAction\",\"target\":[\"https:\\\/\\\/icelandconsulateghana.com\\\/is\\\/services\\\/\"]}]},{\"@type\":\"BreadcrumbList\",\"@id\":\"https:\\\/\\\/icelandconsulateghana.com\\\/is\\\/services\\\/#breadcrumb\",\"itemListElement\":[{\"@type\":\"ListItem\",\"position\":1,\"name\":\"Home\",\"item\":\"https:\\\/\\\/icelandconsulateghana.com\\\/\"},{\"@type\":\"ListItem\",\"position\":2,\"name\":\"Services\"}]},{\"@type\":\"WebSite\",\"@id\":\"https:\\\/\\\/icelandconsulateghana.com\\\/is\\\/#website\",\"url\":\"https:\\\/\\\/icelandconsulateghana.com\\\/is\\\/\",\"name\":\"Iceland Consulate in Ghana\",\"description\":\"\",\"publisher\":{\"@id\":\"https:\\\/\\\/icelandconsulateghana.com\\\/is\\\/#organization\"},\"potentialAction\":[{\"@type\":\"SearchAction\",\"target\":{\"@type\":\"EntryPoint\",\"urlTemplate\":\"https:\\\/\\\/icelandconsulateghana.com\\\/is\\\/?s={search_term_string}\"},\"query-input\":{\"@type\":\"PropertyValueSpecification\",\"valueRequired\":true,\"valueName\":\"search_term_string\"}}],\"inLanguage\":\"is\"},{\"@type\":\"Organization\",\"@id\":\"https:\\\/\\\/icelandconsulateghana.com\\\/is\\\/#organization\",\"name\":\"Iceland Consulate in Ghana\",\"url\":\"https:\\\/\\\/icelandconsulateghana.com\\\/is\\\/\",\"logo\":{\"@type\":\"ImageObject\",\"inLanguage\":\"is\",\"@id\":\"https:\\\/\\\/icelandconsulateghana.com\\\/is\\\/#\\\/schema\\\/logo\\\/image\\\/\",\"url\":\"https:\\\/\\\/icelandconsulateghana.com\\\/wp-content\\\/uploads\\\/2025\\\/08\\\/1200px-Coat_of_arms_of_Iceland.svg_.webp\",\"contentUrl\":\"https:\\\/\\\/icelandconsulateghana.com\\\/wp-content\\\/uploads\\\/2025\\\/08\\\/1200px-Coat_of_arms_of_Iceland.svg_.webp\",\"width\":1200,\"height\":1269,\"caption\":\"Iceland Consulate in Ghana\"},\"image\":{\"@id\":\"https:\\\/\\\/icelandconsulateghana.com\\\/is\\\/#\\\/schema\\\/logo\\\/image\\\/\"}}]}<\/script>\n<!-- \/ Yoast SEO plugin. -->","yoast_head_json":{"title":"Services","description":"Our mission is to provide consular services to Ghanaians and persons resident in Ghana and facilitate seamless travel and trade opportunities for Ghanaians interested in exploring the beauty and opportunities Iceland has to offer.Whether you seek information on visa applications or cultural exchanges or wish to learn more about our vibrant history and culture, we&hellip;","robots":{"index":"index","follow":"follow","max-snippet":"max-snippet:-1","max-image-preview":"max-image-preview:large","max-video-preview":"max-video-preview:-1"},"canonical":"Our mission is to provide consular services to Ghanaians and persons resident in Ghana and facilitate seamless travel and trade opportunities for Ghanaians interested in exploring the beauty and opportunities Iceland has to offer.Whether you seek information on visa applications or cultural exchanges or wish to learn more about our vibrant history and culture, we&hellip;","og_locale":"is_IS","og_type":"article","og_title":"Services","og_description":"Our mission is to provide consular services to Ghanaians and persons resident in Ghana and facilitate seamless travel and trade opportunities for Ghanaians interested in exploring the beauty and opportunities Iceland has to offer.Whether you seek information on visa applications or cultural exchanges or wish to learn more about our vibrant history and culture, we&hellip;","og_url":"https:\/\/icelandconsulateghana.com\/is\/services\/","og_site_name":"Iceland Consulate in Ghana","article_modified_time":"2026-03-04T07:25:31+00:00","twitter_card":"summary_large_image","twitter_misc":{"Est. reading time":"1 minute"},"schema":{"@context":"https:\/\/schema.org","@graph":[{"@type":"WebPage","@id":"https:\/\/icelandconsulateghana.com\/is\/services\/","url":"https:\/\/icelandconsulateghana.com\/is\/services\/","name":"Services - Iceland Consulate in Ghana","isPartOf":{"@id":"https:\/\/icelandconsulateghana.com\/#website"},"datePublished":"2025-08-24T11:33:30+00:00","dateModified":"2026-03-04T07:25:31+00:00","breadcrumb":{"@id":"https:\/\/icelandconsulateghana.com\/is\/services\/#breadcrumb"},"inLanguage":"is","potentialAction":[{"@type":"ReadAction","target":["https:\/\/icelandconsulateghana.com\/is\/services\/"]}]},{"@type":"BreadcrumbList","@id":"https:\/\/icelandconsulateghana.com\/is\/services\/#breadcrumb","itemListElement":[{"@type":"ListItem","position":1,"name":"Home","item":"https:\/\/icelandconsulateghana.com\/"},{"@type":"ListItem","position":2,"name":"Services"}]},{"@type":"WebSite","@id":"https:\/\/icelandconsulateghana.com\/is\/#website","url":"https:\/\/icelandconsulateghana.com\/is\/","name":"Iceland Consulate in Ghana","description":"","publisher":{"@id":"https:\/\/icelandconsulateghana.com\/is\/#organization"},"potentialAction":[{"@type":"SearchAction","target":{"@type":"EntryPoint","urlTemplate":"https:\/\/icelandconsulateghana.com\/is\/?s={search_term_string}"},"query-input":{"@type":"PropertyValueSpecification","valueRequired":true,"valueName":"search_term_string"}}],"inLanguage":"is"},{"@type":"Organization","@id":"https:\/\/icelandconsulateghana.com\/is\/#organization","name":"Iceland Consulate in Ghana","url":"https:\/\/icelandconsulateghana.com\/is\/","logo":{"@type":"ImageObject","inLanguage":"is","@id":"https:\/\/icelandconsulateghana.com\/is\/#\/schema\/logo\/image\/","url":"https:\/\/icelandconsulateghana.com\/wp-content\/uploads\/2025\/08\/1200px-Coat_of_arms_of_Iceland.svg_.webp","contentUrl":"https:\/\/icelandconsulateghana.com\/wp-content\/uploads\/2025\/08\/1200px-Coat_of_arms_of_Iceland.svg_.webp","width":1200,"height":1269,"caption":"Iceland Consulate in Ghana"},"image":{"@id":"https:\/\/icelandconsulateghana.com\/is\/#\/schema\/logo\/image\/"}}]}},"_links":{"self":[{"href":"https:\/\/icelandconsulateghana.com\/is\/wp-json\/wp\/v2\/pages\/212","targetHints":{"allow":["GET"]}}],"collection":[{"href":"https:\/\/icelandconsulateghana.com\/is\/wp-json\/wp\/v2\/pages"}],"about":[{"href":"https:\/\/icelandconsulateghana.com\/is\/wp-json\/wp\/v2\/types\/page"}],"author":[{"embeddable":true,"href":"https:\/\/icelandconsulateghana.com\/is\/wp-json\/wp\/v2\/users\/1"}],"replies":[{"embeddable":true,"href":"https:\/\/icelandconsulateghana.com\/is\/wp-json\/wp\/v2\/comments?post=212"}],"version-history":[{"count":61,"href":"https:\/\/icelandconsulateghana.com\/is\/wp-json\/wp\/v2\/pages\/212\/revisions"}],"predecessor-version":[{"id":2137,"href":"https:\/\/icelandconsulateghana.com\/is\/wp-json\/wp\/v2\/pages\/212\/revisions\/2137"}],"wp:attachment":[{"href":"https:\/\/icelandconsulateghana.com\/is\/wp-json\/wp\/v2\/media?parent=212"}],"curies":[{"name":"wp","href":"https:\/\/api.w.org\/{rel}","templated":true}]}}